{"id":5418,"date":"2020-01-07T10:04:50","date_gmt":"2020-01-07T10:04:50","guid":{"rendered":"https:\/\/paduhotell.ee\/huoneet\/"},"modified":"2024-05-21T13:25:17","modified_gmt":"2024-05-21T13:25:17","slug":"huoneet","status":"publish","type":"page","link":"https:\/\/paduhotell.ee\/fi\/huoneet\/","title":{"rendered":"Huoneet"},"content":{"rendered":"<div  id=\"fcr-top-image\"  class='avia-slideshow av-k3fwz4y0-b779e3242f51925c01285c1561538162 avia-slideshow-featured av_slideshow avia-slide-slider  avia-builder-el-0  el_before_av_section  avia-builder-el-no-sibling  av-slideshow-ui av-control-default av-slideshow-manual av-loop-once av-loop-manual-endless av-default-height-applied avia-slideshow-1' data-slideshow-options=\"{&quot;animation&quot;:&quot;slide&quot;,&quot;autoplay&quot;:false,&quot;loop_autoplay&quot;:&quot;once&quot;,&quot;interval&quot;:5,&quot;loop_manual&quot;:&quot;manual-endless&quot;,&quot;autoplay_stopper&quot;:false,&quot;noNavigation&quot;:false,&quot;bg_slider&quot;:false,&quot;keep_padding&quot;:false,&quot;hoverpause&quot;:false,&quot;show_slide_delay&quot;:0}\"  itemprop=\"image\" itemscope=\"itemscope\" itemtype=\"https:\/\/schema.org\/ImageObject\" ><ul class='avia-slideshow-inner ' style='padding-bottom: 33.59375%;'><li  class='avia-slideshow-slide av-k3fwz4y0-b779e3242f51925c01285c1561538162__0  av-single-slide slide-1 slide-odd'><div data-rel='slideshow-1' class='avia-slide-wrap '   ><img fetchpriority=\"high\" class=\"wp-image-5463 avia-img-lazy-loading-not-5463\"  src='https:\/\/paduhotell.ee\/wp-content\/uploads\/2019\/11\/Hotell-6-1280x430.jpg' width='1280' height='430' title='Padu hotell' alt='Hotellid k\u00e4rdlas'  itemprop=\"thumbnailUrl\"   \/><\/div><\/li><\/ul><\/div>\n<\/div><\/div><\/div><!-- close content main div --><\/div><\/div>\n<style type=\"text\/css\" data-created_by=\"avia_inline_auto\" id=\"style-css-av-k1vx1fod-ba482cab0d2a546476421ff0fff682de\">\n.avia-section.av-k1vx1fod-ba482cab0d2a546476421ff0fff682de{\nbackground-color:#ffffff;\nbackground-image:unset;\nmargin-top:-150px;\nmargin-bottom:120px;\n}\n<\/style>\n<div id='av_section_1'  class='avia-section av-k1vx1fod-ba482cab0d2a546476421ff0fff682de main_color avia-section-default avia-no-border-styling  avia-builder-el-1  el_after_av_slideshow  avia-builder-el-last  avia-bg-style-scroll container_wrap sidebar_right'  ><div class='container av-section-cont-open' ><div class='template-page content  av-content-small alpha units'><div class='post-entry post-entry-type-page post-entry-5418'><div class='entry-content-wrapper clearfix'>\n\n<style type=\"text\/css\" data-created_by=\"avia_inline_auto\" id=\"style-css-av-5b5y17-73371f7f6cd75621dc71a533aeb62d59\">\n.flex_column.av-5b5y17-73371f7f6cd75621dc71a533aeb62d59{\nborder-radius:0px 0px 0px 0px;\npadding:0px 0px 0px 0px;\n}\n<\/style>\n<div  class='flex_column av-5b5y17-73371f7f6cd75621dc71a533aeb62d59 av_one_fifth  avia-builder-el-2  el_before_av_three_fifth  avia-builder-el-first  first flex_column_div av-zero-column-padding  '     ><\/div>\n<style type=\"text\/css\" data-created_by=\"avia_inline_auto\" id=\"style-css-av-4uz63f-eaded842bd4f619c1adbb1da2fb19d7c\">\n.flex_column.av-4uz63f-eaded842bd4f619c1adbb1da2fb19d7c{\nborder-radius:0px 0px 0px 0px;\npadding:0px 0px 0px 0px;\nbackground-color:#ffffff;\n}\n<\/style>\n<div  id=\"fcr-middle-part\"  class='flex_column av-4uz63f-eaded842bd4f619c1adbb1da2fb19d7c av_three_fifth  avia-builder-el-3  el_after_av_one_fifth  el_before_av_one_fifth  flex_column_div av-zero-column-padding  '     ><p>\n<style type=\"text\/css\" data-created_by=\"avia_inline_auto\" id=\"style-css-av-k1vx6ovx-7e186b0de6b256f738edd12a96fcb00a\">\n#top .hr.hr-invisible.av-k1vx6ovx-7e186b0de6b256f738edd12a96fcb00a{\nheight:10px;\n}\n<\/style>\n<div  class='hr av-k1vx6ovx-7e186b0de6b256f738edd12a96fcb00a hr-invisible  avia-builder-el-4  el_before_av_heading  avia-builder-el-first '><span class='hr-inner '><span class=\"hr-inner-style\"><\/span><\/span><\/div><br \/>\n\n<style type=\"text\/css\" data-created_by=\"avia_inline_auto\" id=\"style-css-av-av_heading-62085a41e4ed1cb991f6adca608ef8f2\">\n#top .av-special-heading.av-av_heading-62085a41e4ed1cb991f6adca608ef8f2{\npadding-bottom:20px;\ncolor:#222222;\nfont-size:29px;\n}\nbody .av-special-heading.av-av_heading-62085a41e4ed1cb991f6adca608ef8f2 .av-special-heading-tag .heading-char{\nfont-size:25px;\n}\n#top #wrap_all .av-special-heading.av-av_heading-62085a41e4ed1cb991f6adca608ef8f2 .av-special-heading-tag{\nfont-size:29px;\n}\n.av-special-heading.av-av_heading-62085a41e4ed1cb991f6adca608ef8f2 .special-heading-inner-border{\nborder-color:#222222;\n}\n.av-special-heading.av-av_heading-62085a41e4ed1cb991f6adca608ef8f2 .av-subheading{\nfont-size:15px;\n}\n\n@media only screen and (min-width: 480px) and (max-width: 767px){ \n#top #wrap_all .av-special-heading.av-av_heading-62085a41e4ed1cb991f6adca608ef8f2 .av-special-heading-tag{\nfont-size:0.8em;\n}\n}\n\n@media only screen and (max-width: 479px){ \n#top #wrap_all .av-special-heading.av-av_heading-62085a41e4ed1cb991f6adca608ef8f2 .av-special-heading-tag{\nfont-size:0.8em;\n}\n}\n<\/style>\n<div  class='av-special-heading av-av_heading-62085a41e4ed1cb991f6adca608ef8f2 av-special-heading-h4 custom-color-heading blockquote modern-quote modern-centered  avia-builder-el-5  el_after_av_hr  el_before_av_hr  fcr-main-heading av-inherit-size'><h4 class='av-special-heading-tag '  itemprop=\"headline\"  >Tutustu huonevalikoimaamme<\/h4><div class=\"special-heading-border\"><div class=\"special-heading-inner-border\"><\/div><\/div><\/div><br \/>\n\n<style type=\"text\/css\" data-created_by=\"avia_inline_auto\" id=\"style-css-av-k1vx6ovx-cc2de6191e692e4d1d380ab084a29480\">\n#top .hr.hr-invisible.av-k1vx6ovx-cc2de6191e692e4d1d380ab084a29480{\nheight:60px;\n}\n<\/style>\n<div  class='hr av-k1vx6ovx-cc2de6191e692e4d1d380ab084a29480 hr-invisible  avia-builder-el-6  el_after_av_heading  avia-builder-el-last '><span class='hr-inner '><span class=\"hr-inner-style\"><\/span><\/span><\/div><\/p><\/div>\n<style type=\"text\/css\" data-created_by=\"avia_inline_auto\" id=\"style-css-av-9yo2j-fdff78d7bda5f34855105b669eb94806\">\n.flex_column.av-9yo2j-fdff78d7bda5f34855105b669eb94806{\nborder-radius:0px 0px 0px 0px;\npadding:0px 0px 0px 0px;\n}\n<\/style>\n<div  class='flex_column av-9yo2j-fdff78d7bda5f34855105b669eb94806 av_one_fifth  avia-builder-el-7  el_after_av_three_fifth  el_before_av_one_half  flex_column_div av-zero-column-padding  '     ><\/div><div class='flex_column_table av-1k1a5-566da34dd29ee4124c083826abd13025 sc-av_one_half av-equal-height-column-flextable'>\n<style type=\"text\/css\" data-created_by=\"avia_inline_auto\" id=\"style-css-av-1k1a5-566da34dd29ee4124c083826abd13025\">\n.flex_column.av-1k1a5-566da34dd29ee4124c083826abd13025{\nborder-radius:0px 0px 0px 0px;\npadding:0px 0px 0px 0px;\nbackground-color:#f8f8f8;\n}\n<\/style>\n<div  class='flex_column av-1k1a5-566da34dd29ee4124c083826abd13025 av_one_half  avia-builder-el-8  el_after_av_one_fifth  el_before_av_one_half  fcr-toad-valik first flex_column_table_cell av-equal-height-column av-align-top  column-top-margin'     ><p>\n<style type=\"text\/css\" data-created_by=\"avia_inline_auto\" id=\"style-css-av-k3e9ac0u-4a40679e87cad188f74844e99f109319\">\n.avia-image-container.av-k3e9ac0u-4a40679e87cad188f74844e99f109319 img.avia_image{\nbox-shadow:none;\n}\n.avia-image-container.av-k3e9ac0u-4a40679e87cad188f74844e99f109319 .av-image-caption-overlay-center{\ncolor:#ffffff;\n}\n<\/style>\n<div  class='avia-image-container av-k3e9ac0u-4a40679e87cad188f74844e99f109319 av-styling- avia-align-center  avia-builder-el-9  el_before_av_heading  avia-builder-el-first  full-width-picture-front'   itemprop=\"image\" itemscope=\"itemscope\" itemtype=\"https:\/\/schema.org\/ImageObject\" ><div class=\"avia-image-container-inner\"><div class=\"avia-image-overlay-wrap\"><img fetchpriority=\"high\" class='wp-image-5273 avia-img-lazy-loading-not-5273 avia_image ' src='https:\/\/paduhotell.ee\/wp-content\/uploads\/2019\/11\/PEAMAJA_Edit.jpg' alt='P\u00c4\u00c4RAKENNUS_Edit' title=''  height=\"767\" width=\"1280\"  itemprop=\"thumbnailUrl\"  \/><\/div><\/div><\/div><br \/>\n\n<style type=\"text\/css\" data-created_by=\"avia_inline_auto\" id=\"style-css-av-av_heading-a23541d5bcfc0915205824f854c0b85d\">\n#top .av-special-heading.av-av_heading-a23541d5bcfc0915205824f854c0b85d{\npadding-bottom:10px;\ncolor:#222222;\nfont-size:32px;\n}\nbody .av-special-heading.av-av_heading-a23541d5bcfc0915205824f854c0b85d .av-special-heading-tag .heading-char{\nfont-size:25px;\n}\n#top #wrap_all .av-special-heading.av-av_heading-a23541d5bcfc0915205824f854c0b85d .av-special-heading-tag{\nfont-size:32px;\n}\n.av-special-heading.av-av_heading-a23541d5bcfc0915205824f854c0b85d .special-heading-inner-border{\nborder-color:#222222;\n}\n.av-special-heading.av-av_heading-a23541d5bcfc0915205824f854c0b85d .av-subheading{\nfont-size:15px;\n}\n\n@media only screen and (min-width: 480px) and (max-width: 767px){ \n#top #wrap_all .av-special-heading.av-av_heading-a23541d5bcfc0915205824f854c0b85d .av-special-heading-tag{\nfont-size:0.8em;\n}\n}\n\n@media only screen and (max-width: 479px){ \n#top #wrap_all .av-special-heading.av-av_heading-a23541d5bcfc0915205824f854c0b85d .av-special-heading-tag{\nfont-size:0.8em;\n}\n}\n<\/style>\n<div  id=\"fcr-toad-heading\"  class='av-special-heading av-av_heading-a23541d5bcfc0915205824f854c0b85d av-special-heading-h6 custom-color-heading blockquote modern-quote modern-centered  avia-builder-el-10  el_after_av_image  el_before_av_textblock  av-inherit-size'><h6 class='av-special-heading-tag '  itemprop=\"headline\"  >P\u00e4\u00e4rakennus<\/h6><div class=\"special-heading-border\"><div class=\"special-heading-inner-border\"><\/div><\/div><\/div><br \/>\n\n<style type=\"text\/css\" data-created_by=\"avia_inline_auto\" id=\"style-css-av-k3fsjuao-1aa4a6b330a9a35377e09ad8433f97cb\">\n#top .av_textblock_section.av-k3fsjuao-1aa4a6b330a9a35377e09ad8433f97cb .avia_textblock{\ncolor:#000000;\n}\n<\/style>\n<section  class='av_textblock_section av-k3fsjuao-1aa4a6b330a9a35377e09ad8433f97cb '   itemscope=\"itemscope\" itemtype=\"https:\/\/schema.org\/CreativeWork\" ><div class='avia_textblock av_inherit_color'  itemprop=\"text\" ><p>Hotellin p\u00e4\u00e4rakennuksessa sijaitsevat vastaanottotiski, kahvila-baari ja 10 Standard-huonetta. Huoneessa on 2 erillist\u00e4 s\u00e4nky\u00e4, jotka voidaan liitt\u00e4\u00e4 toisiinsa. Joihinkin huoneisiin voidaan sijoittaa lis\u00e4- tai vauvavuode. Jokainen huone on parvekkeellinen, koko hotellissa on maksuton Wi-Fi.<\/p>\n<\/div><\/section><br \/>\n<div  id=\"fcr-toad-btn\"  class='avia-button-wrap av-k3e9bpxf-bc7ffb8ffdc19d702f31190084733f13-wrap avia-button-center  avia-builder-el-12  el_after_av_textblock  avia-builder-el-last '><a href='https:\/\/paduhotell.ee\/fi\/paarakennus\/'  class='avia-button av-k3e9bpxf-bc7ffb8ffdc19d702f31190084733f13 av-link-btn avia-icon_select-no avia-size-large avia-position-center avia-color-theme-color'   aria-label=\"Katso lis\u00e4\u00e4\"><span class='avia_iconbox_title' >Katso lis\u00e4\u00e4<\/span><\/a><\/div><\/p><\/div><div class='av-flex-placeholder'><\/div>\n<style type=\"text\/css\" data-created_by=\"avia_inline_auto\" id=\"style-css-av-1k1a5-8b4909af24615bf375b76e0bad577e20\">\n.flex_column.av-1k1a5-8b4909af24615bf375b76e0bad577e20{\nborder-radius:0px 0px 0px 0px;\npadding:0px 0px 0px 0px;\nbackground-color:#f8f8f8;\n}\n<\/style>\n<div  class='flex_column av-1k1a5-8b4909af24615bf375b76e0bad577e20 av_one_half  avia-builder-el-13  el_after_av_one_half  el_before_av_heading  fcr-toad-valik flex_column_table_cell av-equal-height-column av-align-top av-zero-column-padding  column-top-margin'     ><p>\n<style type=\"text\/css\" data-created_by=\"avia_inline_auto\" id=\"style-css-av-k3e9ac0u-65a48ad59ae4c7ff64a401c1c1ae3a54\">\n.avia-image-container.av-k3e9ac0u-65a48ad59ae4c7ff64a401c1c1ae3a54 img.avia_image{\nbox-shadow:none;\n}\n.avia-image-container.av-k3e9ac0u-65a48ad59ae4c7ff64a401c1c1ae3a54 .av-image-caption-overlay-center{\ncolor:#ffffff;\n}\n<\/style>\n<div  class='avia-image-container av-k3e9ac0u-65a48ad59ae4c7ff64a401c1c1ae3a54 av-styling- avia-align-center  avia-builder-el-14  el_before_av_heading  avia-builder-el-first  full-width-picture-front'   itemprop=\"image\" itemscope=\"itemscope\" itemtype=\"https:\/\/schema.org\/ImageObject\" ><div class=\"avia-image-container-inner\"><div class=\"avia-image-overlay-wrap\"><img fetchpriority=\"high\" class='wp-image-5272 avia-img-lazy-loading-not-5272 avia_image ' src='https:\/\/paduhotell.ee\/wp-content\/uploads\/2019\/11\/APARTMENT_Edit.jpg' alt='APARTMENT_Edit' title=''  height=\"739\" width=\"1280\"  itemprop=\"thumbnailUrl\"  \/><\/div><\/div><\/div><br \/>\n\n<style type=\"text\/css\" data-created_by=\"avia_inline_auto\" id=\"style-css-av-av_heading-7d3c95aff71f5f9b7f4643d1fb8fc5c8\">\n#top .av-special-heading.av-av_heading-7d3c95aff71f5f9b7f4643d1fb8fc5c8{\npadding-bottom:10px;\ncolor:#222222;\nfont-size:32px;\n}\nbody .av-special-heading.av-av_heading-7d3c95aff71f5f9b7f4643d1fb8fc5c8 .av-special-heading-tag .heading-char{\nfont-size:25px;\n}\n#top #wrap_all .av-special-heading.av-av_heading-7d3c95aff71f5f9b7f4643d1fb8fc5c8 .av-special-heading-tag{\nfont-size:32px;\n}\n.av-special-heading.av-av_heading-7d3c95aff71f5f9b7f4643d1fb8fc5c8 .special-heading-inner-border{\nborder-color:#222222;\n}\n.av-special-heading.av-av_heading-7d3c95aff71f5f9b7f4643d1fb8fc5c8 .av-subheading{\nfont-size:15px;\n}\n\n@media only screen and (min-width: 480px) and (max-width: 767px){ \n#top #wrap_all .av-special-heading.av-av_heading-7d3c95aff71f5f9b7f4643d1fb8fc5c8 .av-special-heading-tag{\nfont-size:0.8em;\n}\n}\n\n@media only screen and (max-width: 479px){ \n#top #wrap_all .av-special-heading.av-av_heading-7d3c95aff71f5f9b7f4643d1fb8fc5c8 .av-special-heading-tag{\nfont-size:0.8em;\n}\n}\n<\/style>\n<div  id=\"fcr-toad-heading\"  class='av-special-heading av-av_heading-7d3c95aff71f5f9b7f4643d1fb8fc5c8 av-special-heading-h6 custom-color-heading blockquote modern-quote modern-centered  avia-builder-el-15  el_after_av_image  el_before_av_textblock  av-inherit-size'><h6 class='av-special-heading-tag '  itemprop=\"headline\"  >Huoneistot<\/h6><div class=\"special-heading-border\"><div class=\"special-heading-inner-border\"><\/div><\/div><\/div><br \/>\n\n<style type=\"text\/css\" data-created_by=\"avia_inline_auto\" id=\"style-css-av-k3fsjuao-1aa4a6b330a9a35377e09ad8433f97cb\">\n#top .av_textblock_section.av-k3fsjuao-1aa4a6b330a9a35377e09ad8433f97cb .avia_textblock{\ncolor:#000000;\n}\n<\/style>\n<section  class='av_textblock_section av-k3fsjuao-1aa4a6b330a9a35377e09ad8433f97cb '   itemscope=\"itemscope\" itemtype=\"https:\/\/schema.org\/CreativeWork\" ><div class='avia_textblock av_inherit_color'  itemprop=\"text\" ><p>Huoneistot ovat tilavia ja mukavia. Huoneessa on 2 erillist\u00e4 s\u00e4nky\u00e4, jotka voidaan liitt\u00e4\u00e4 toisiinsa. Kaikkiin huoneisiin voidaan sijoittaa lis\u00e4- tai vauvavuode. Jokainen huone on parvekkeellinen, ja koko hotellissa on maksuton Wi-Fi. Nelj\u00e4ss\u00e4 huoneistossa on s\u00e4hk\u00f6sauna. Jokaisessa huoneessa on vuodesohva, teen- ja kahvinkeitin, mikroaaltouuni ja pieni j\u00e4\u00e4hdytyskaappi.\u00a0 Huoneistot sopivat eritt\u00e4in hyvin lapsiperheille.<\/p>\n<\/div><\/section><br \/>\n<div  id=\"fcr-toad-btn\"  class='avia-button-wrap av-k3e9bpxf-77ce755b2aa43c22531233e4abcde454-wrap avia-button-center  avia-builder-el-17  el_after_av_textblock  avia-builder-el-last '><a href='https:\/\/paduhotell.ee\/fi\/huoneistot\/'  class='avia-button av-k3e9bpxf-77ce755b2aa43c22531233e4abcde454 av-link-btn avia-icon_select-no avia-size-large avia-position-center avia-color-theme-color'   aria-label=\"Katso lis\u00e4\u00e4\"><span class='avia_iconbox_title' >Katso lis\u00e4\u00e4<\/span><\/a><\/div><\/p><\/div><\/div><!--close column table wrapper. Autoclose: 1 -->\n\n<style type=\"text\/css\" data-created_by=\"avia_inline_auto\" id=\"style-css-av-k1vx6ovx-84565ffb9755252e860125de5b431e5c\">\n#top .hr.hr-invisible.av-k1vx6ovx-84565ffb9755252e860125de5b431e5c{\nheight:20px;\n}\n<\/style>\n<div  class='hr av-k1vx6ovx-84565ffb9755252e860125de5b431e5c hr-invisible  avia-builder-el-19  el_after_av_heading  avia-builder-el-last '><span class='hr-inner '><span class=\"hr-inner-style\"><\/span><\/span><\/div>\n<\/div><\/div><\/div><!-- close content main div --><\/div><\/div><div id='after_section_1'  class='main_color av_default_container_wrap container_wrap sidebar_right'  ><div class='container av-section-cont-open' ><div class='template-page content  av-content-small alpha units'><div class='post-entry post-entry-type-page post-entry-5418'><div class='entry-content-wrapper clearfix'>\n","protected":false},"excerpt":{"rendered":"","protected":false},"author":1,"featured_media":0,"parent":0,"menu_order":0,"comment_status":"closed","ping_status":"closed","template":"","meta":{"footnotes":""},"class_list":["post-5418","page","type-page","status-publish","hentry"],"yoast_head":"<!-- This site is optimized with the Yoast SEO plugin v27.4 - https:\/\/yoast.com\/product\/yoast-seo-wordpress\/ -->\n<title>Huoneet | Padu Hotell O\u00dc<\/title>\n<meta name=\"robots\" content=\"index, follow, max-snippet:-1, max-image-preview:large, max-video-preview:-1\" \/>\n<link rel=\"canonical\" href=\"https:\/\/paduhotell.ee\/fi\/huoneet\/\" \/>\n<meta property=\"og:locale\" content=\"fi_FI\" \/>\n<meta property=\"og:type\" content=\"article\" \/>\n<meta property=\"og:title\" content=\"Huoneet | Padu Hotell O\u00dc\" \/>\n<meta property=\"og:url\" content=\"https:\/\/paduhotell.ee\/fi\/huoneet\/\" \/>\n<meta property=\"og:site_name\" content=\"Padu Hotell O\u00dc\" \/>\n<meta property=\"article:modified_time\" content=\"2024-05-21T13:25:17+00:00\" \/>\n<meta name=\"twitter:card\" content=\"summary_large_image\" \/>\n<meta name=\"twitter:label1\" content=\"Arvioitu lukuaika\" \/>\n\t<meta name=\"twitter:data1\" content=\"8 minuuttia\" \/>\n<script type=\"application\/ld+json\" class=\"yoast-schema-graph\">{\"@context\":\"https:\\\/\\\/schema.org\",\"@graph\":[{\"@type\":\"WebPage\",\"@id\":\"https:\\\/\\\/paduhotell.ee\\\/fi\\\/huoneet\\\/\",\"url\":\"https:\\\/\\\/paduhotell.ee\\\/fi\\\/huoneet\\\/\",\"name\":\"Huoneet | Padu Hotell O\u00dc\",\"isPartOf\":{\"@id\":\"https:\\\/\\\/paduhotell.ee\\\/fi\\\/#website\"},\"datePublished\":\"2020-01-07T10:04:50+00:00\",\"dateModified\":\"2024-05-21T13:25:17+00:00\",\"breadcrumb\":{\"@id\":\"https:\\\/\\\/paduhotell.ee\\\/fi\\\/huoneet\\\/#breadcrumb\"},\"inLanguage\":\"fi\",\"potentialAction\":[{\"@type\":\"ReadAction\",\"target\":[\"https:\\\/\\\/paduhotell.ee\\\/fi\\\/huoneet\\\/\"]}]},{\"@type\":\"BreadcrumbList\",\"@id\":\"https:\\\/\\\/paduhotell.ee\\\/fi\\\/huoneet\\\/#breadcrumb\",\"itemListElement\":[{\"@type\":\"ListItem\",\"position\":1,\"name\":\"Home\",\"item\":\"https:\\\/\\\/paduhotell.ee\\\/fi\\\/etusivu\\\/\"},{\"@type\":\"ListItem\",\"position\":2,\"name\":\"Huoneet\"}]},{\"@type\":\"WebSite\",\"@id\":\"https:\\\/\\\/paduhotell.ee\\\/fi\\\/#website\",\"url\":\"https:\\\/\\\/paduhotell.ee\\\/fi\\\/\",\"name\":\"Padu Hotell O\u00dc\",\"description\":\"\",\"potentialAction\":[{\"@type\":\"SearchAction\",\"target\":{\"@type\":\"EntryPoint\",\"urlTemplate\":\"https:\\\/\\\/paduhotell.ee\\\/fi\\\/?s={search_term_string}\"},\"query-input\":{\"@type\":\"PropertyValueSpecification\",\"valueRequired\":true,\"valueName\":\"search_term_string\"}}],\"inLanguage\":\"fi\"}]}<\/script>\n<!-- \/ Yoast SEO plugin. -->","yoast_head_json":{"title":"Huoneet | Padu Hotell O\u00dc","robots":{"index":"index","follow":"follow","max-snippet":"max-snippet:-1","max-image-preview":"max-image-preview:large","max-video-preview":"max-video-preview:-1"},"canonical":"https:\/\/paduhotell.ee\/fi\/huoneet\/","og_locale":"fi_FI","og_type":"article","og_title":"Huoneet | Padu Hotell O\u00dc","og_url":"https:\/\/paduhotell.ee\/fi\/huoneet\/","og_site_name":"Padu Hotell O\u00dc","article_modified_time":"2024-05-21T13:25:17+00:00","twitter_card":"summary_large_image","twitter_misc":{"Arvioitu lukuaika":"8 minuuttia"},"schema":{"@context":"https:\/\/schema.org","@graph":[{"@type":"WebPage","@id":"https:\/\/paduhotell.ee\/fi\/huoneet\/","url":"https:\/\/paduhotell.ee\/fi\/huoneet\/","name":"Huoneet | Padu Hotell O\u00dc","isPartOf":{"@id":"https:\/\/paduhotell.ee\/fi\/#website"},"datePublished":"2020-01-07T10:04:50+00:00","dateModified":"2024-05-21T13:25:17+00:00","breadcrumb":{"@id":"https:\/\/paduhotell.ee\/fi\/huoneet\/#breadcrumb"},"inLanguage":"fi","potentialAction":[{"@type":"ReadAction","target":["https:\/\/paduhotell.ee\/fi\/huoneet\/"]}]},{"@type":"BreadcrumbList","@id":"https:\/\/paduhotell.ee\/fi\/huoneet\/#breadcrumb","itemListElement":[{"@type":"ListItem","position":1,"name":"Home","item":"https:\/\/paduhotell.ee\/fi\/etusivu\/"},{"@type":"ListItem","position":2,"name":"Huoneet"}]},{"@type":"WebSite","@id":"https:\/\/paduhotell.ee\/fi\/#website","url":"https:\/\/paduhotell.ee\/fi\/","name":"Padu Hotell O\u00dc","description":"","potentialAction":[{"@type":"SearchAction","target":{"@type":"EntryPoint","urlTemplate":"https:\/\/paduhotell.ee\/fi\/?s={search_term_string}"},"query-input":{"@type":"PropertyValueSpecification","valueRequired":true,"valueName":"search_term_string"}}],"inLanguage":"fi"}]}},"_links":{"self":[{"href":"https:\/\/paduhotell.ee\/fi\/wp-json\/wp\/v2\/pages\/5418","targetHints":{"allow":["GET"]}}],"collection":[{"href":"https:\/\/paduhotell.ee\/fi\/wp-json\/wp\/v2\/pages"}],"about":[{"href":"https:\/\/paduhotell.ee\/fi\/wp-json\/wp\/v2\/types\/page"}],"author":[{"embeddable":true,"href":"https:\/\/paduhotell.ee\/fi\/wp-json\/wp\/v2\/users\/1"}],"replies":[{"embeddable":true,"href":"https:\/\/paduhotell.ee\/fi\/wp-json\/wp\/v2\/comments?post=5418"}],"version-history":[{"count":0,"href":"https:\/\/paduhotell.ee\/fi\/wp-json\/wp\/v2\/pages\/5418\/revisions"}],"wp:attachment":[{"href":"https:\/\/paduhotell.ee\/fi\/wp-json\/wp\/v2\/media?parent=5418"}],"curies":[{"name":"wp","href":"https:\/\/api.w.org\/{rel}","templated":true}]}}